{"id":230791,"date":"2024-05-30T16:02:43","date_gmt":"2024-05-30T21:02:43","guid":{"rendered":"https:\/\/www.inesha.com.co\/w\/?post_type=product&#038;p=230791"},"modified":"2024-07-02T15:58:13","modified_gmt":"2024-07-02T20:58:13","slug":"mezclador-monocontrol-cuadrado-ducha-cromado-jr-6055","status":"publish","type":"product","link":"https:\/\/www.inesha.com.co\/w\/producto\/mezclador-monocontrol-cuadrado-ducha-cromado-jr-6055\/","title":{"rendered":"Mezclador monocontrol cuadrado ducha cromado jr-6055"},"content":{"rendered":"<p>Mezclador monocontrol para ducha cuadrado<br \/>\n-Acabado: Cromado                                                                                            &#8211; Conexiones: En Bronce<br \/>\n                                                                                                           Recomendaci\u00f3n<br \/>\n-No usar ning\u00fan tipo de llave para la instalaci\u00f3n<\/p>\n<p>Limpieza<br \/>\nPara limpiar la llave solo se debe usar un trapo delicado con agua y jab\u00f3n.<br \/>\n-No usar ning\u00fan tipo de sustancia corrosiva.<\/p>\n<p>GARANT\u00cdA<\/p>\n<p>6 meses<\/p>\n","protected":false},"excerpt":{"rendered":"<p>Mezclador monocontrol para ducha cuadrado -Acabado: Cromado &#8211; Conexiones: En Bronce Recomendaci\u00f3n -No usar ning\u00fan tipo de llave para la instalaci\u00f3n Limpieza Para limpiar la llave solo se debe usar un trapo delicado con agua y jab\u00f3n. -No usar ning\u00fan tipo de sustancia corrosiva. GARANT\u00cdA 6 meses<\/p>\n","protected":false},"featured_media":230916,"comment_status":"closed","ping_status":"closed","template":"","meta":{"_et_pb_use_builder":"","_et_pb_old_content":"","_et_gb_content_width":""},"product_brand":[],"product_cat":[58],"product_tag":[],"class_list":{"0":"post-230791","1":"product","2":"type-product","3":"status-publish","4":"has-post-thumbnail","6":"product_cat-banos","8":"first","9":"instock","10":"shipping-taxable","11":"purchasable","12":"product-type-simple"},"_links":{"self":[{"href":"https:\/\/www.inesha.com.co\/w\/wp-json\/wp\/v2\/product\/230791","targetHints":{"allow":["GET"]}}],"collection":[{"href":"https:\/\/www.inesha.com.co\/w\/wp-json\/wp\/v2\/product"}],"about":[{"href":"https:\/\/www.inesha.com.co\/w\/wp-json\/wp\/v2\/types\/product"}],"replies":[{"embeddable":true,"href":"https:\/\/www.inesha.com.co\/w\/wp-json\/wp\/v2\/comments?post=230791"}],"wp:featuredmedia":[{"embeddable":true,"href":"https:\/\/www.inesha.com.co\/w\/wp-json\/wp\/v2\/media\/230916"}],"wp:attachment":[{"href":"https:\/\/www.inesha.com.co\/w\/wp-json\/wp\/v2\/media?parent=230791"}],"wp:term":[{"taxonomy":"product_brand","embeddable":true,"href":"https:\/\/www.inesha.com.co\/w\/wp-json\/wp\/v2\/product_brand?post=230791"},{"taxonomy":"product_cat","embeddable":true,"href":"https:\/\/www.inesha.com.co\/w\/wp-json\/wp\/v2\/product_cat?post=230791"},{"taxonomy":"product_tag","embeddable":true,"href":"https:\/\/www.inesha.com.co\/w\/wp-json\/wp\/v2\/product_tag?post=230791"}],"curies":[{"name":"wp","href":"https:\/\/api.w.org\/{rel}","templated":true}]}}