{"id":230787,"date":"2024-05-30T15:25:54","date_gmt":"2024-05-30T20:25:54","guid":{"rendered":"https:\/\/www.inesha.com.co\/w\/?post_type=product&#038;p=230787"},"modified":"2024-07-02T15:55:29","modified_gmt":"2024-07-02T20:55:29","slug":"mezclador-lavamanos-largo-acero-negro-jr-1008n","status":"publish","type":"product","link":"https:\/\/www.inesha.com.co\/w\/producto\/mezclador-lavamanos-largo-acero-negro-jr-1008n\/","title":{"rendered":"Mezclador lavamanos largo acero negro jr-1008n"},"content":{"rendered":"<p>Mezclador monocontrol alto para lavamanos<br \/>\n-Incluye mangueras<br \/>\n-Acabado: Negro<\/p>\n<p>Recomendaci\u00f3n<br \/>\n-No usar ning\u00fan tipo de llave para la instalaci\u00f3n<br \/>\n-Poner las mangueras primero con la argolla y luego poner la llave.<\/p>\n<p>Limpieza<br \/>\nPara limpiar la llave solo se debe usar un trapo delicado con agua y jab\u00f3n.<br \/>\n-No usar ning\u00fan tipo de sustancia corrosiva.<\/p>\n<p>GARANT\u00cdA<\/p>\n<p>6 meses<\/p>\n","protected":false},"excerpt":{"rendered":"<p>Mezclador monocontrol alto para lavamanos -Incluye mangueras -Acabado: Negro Recomendaci\u00f3n -No usar ning\u00fan tipo de llave para la instalaci\u00f3n -Poner las mangueras primero con la argolla y luego poner la llave. Limpieza Para limpiar la llave solo se debe usar un trapo delicado con agua y jab\u00f3n. -No usar ning\u00fan tipo de sustancia corrosiva. GARANT\u00cdA [&hellip;]<\/p>\n","protected":false},"featured_media":230915,"comment_status":"closed","ping_status":"closed","template":"","meta":{"_et_pb_use_builder":"","_et_pb_old_content":"","_et_gb_content_width":""},"product_brand":[],"product_cat":[58],"product_tag":[],"class_list":{"0":"post-230787","1":"product","2":"type-product","3":"status-publish","4":"has-post-thumbnail","6":"product_cat-banos","8":"first","9":"instock","10":"shipping-taxable","11":"purchasable","12":"product-type-simple"},"_links":{"self":[{"href":"https:\/\/www.inesha.com.co\/w\/wp-json\/wp\/v2\/product\/230787","targetHints":{"allow":["GET"]}}],"collection":[{"href":"https:\/\/www.inesha.com.co\/w\/wp-json\/wp\/v2\/product"}],"about":[{"href":"https:\/\/www.inesha.com.co\/w\/wp-json\/wp\/v2\/types\/product"}],"replies":[{"embeddable":true,"href":"https:\/\/www.inesha.com.co\/w\/wp-json\/wp\/v2\/comments?post=230787"}],"wp:featuredmedia":[{"embeddable":true,"href":"https:\/\/www.inesha.com.co\/w\/wp-json\/wp\/v2\/media\/230915"}],"wp:attachment":[{"href":"https:\/\/www.inesha.com.co\/w\/wp-json\/wp\/v2\/media?parent=230787"}],"wp:term":[{"taxonomy":"product_brand","embeddable":true,"href":"https:\/\/www.inesha.com.co\/w\/wp-json\/wp\/v2\/product_brand?post=230787"},{"taxonomy":"product_cat","embeddable":true,"href":"https:\/\/www.inesha.com.co\/w\/wp-json\/wp\/v2\/product_cat?post=230787"},{"taxonomy":"product_tag","embeddable":true,"href":"https:\/\/www.inesha.com.co\/w\/wp-json\/wp\/v2\/product_tag?post=230787"}],"curies":[{"name":"wp","href":"https:\/\/api.w.org\/{rel}","templated":true}]}}