{"id":230785,"date":"2024-05-30T15:17:44","date_gmt":"2024-05-30T20:17:44","guid":{"rendered":"https:\/\/www.inesha.com.co\/w\/?post_type=product&#038;p=230785"},"modified":"2024-07-02T15:52:16","modified_gmt":"2024-07-02T20:52:16","slug":"mezclador-lavamanos-bambu-cerrado","status":"publish","type":"product","link":"https:\/\/www.inesha.com.co\/w\/producto\/mezclador-lavamanos-bambu-cerrado\/","title":{"rendered":"Mezclador lavamanos bamb\u00fa cerrado"},"content":{"rendered":"<p>Mezclador monocontrol alto para lavamanos<br \/>\n-Incluye mangueras<br \/>\n-Acabado: Bamb\u00fa cerrado<br \/>\n                                                                                                           Recomendaci\u00f3n<br \/>\n-No usar ning\u00fan tipo de llave para la instalaci\u00f3n<br \/>\n-Poner las mangueras primero con la argolla y luego poner la llave.<\/p>\n<p>Limpieza<br \/>\nPara limpiar la llave solo se debe usar un trapo delicado con agua y jab\u00f3n.<br \/>\n-No usar ning\u00fan tipo de sustancia corrosiva.<\/p>\n<p>GARANT\u00cdA<\/p>\n<p>6 meses<\/p>\n","protected":false},"excerpt":{"rendered":"<p>Mezclador monocontrol alto para lavamanos -Incluye mangueras -Acabado: Bamb\u00fa cerrado Recomendaci\u00f3n -No usar ning\u00fan tipo de llave para la instalaci\u00f3n -Poner las mangueras primero con la argolla y luego poner la llave. Limpieza Para limpiar la llave solo se debe usar un trapo delicado con agua y jab\u00f3n. -No usar ning\u00fan tipo de sustancia corrosiva. [&hellip;]<\/p>\n","protected":false},"featured_media":230914,"comment_status":"closed","ping_status":"closed","template":"","meta":{"_et_pb_use_builder":"","_et_pb_old_content":"","_et_gb_content_width":""},"product_brand":[],"product_cat":[58],"product_tag":[],"class_list":{"0":"post-230785","1":"product","2":"type-product","3":"status-publish","4":"has-post-thumbnail","6":"product_cat-banos","8":"first","9":"instock","10":"shipping-taxable","11":"purchasable","12":"product-type-simple"},"_links":{"self":[{"href":"https:\/\/www.inesha.com.co\/w\/wp-json\/wp\/v2\/product\/230785","targetHints":{"allow":["GET"]}}],"collection":[{"href":"https:\/\/www.inesha.com.co\/w\/wp-json\/wp\/v2\/product"}],"about":[{"href":"https:\/\/www.inesha.com.co\/w\/wp-json\/wp\/v2\/types\/product"}],"replies":[{"embeddable":true,"href":"https:\/\/www.inesha.com.co\/w\/wp-json\/wp\/v2\/comments?post=230785"}],"wp:featuredmedia":[{"embeddable":true,"href":"https:\/\/www.inesha.com.co\/w\/wp-json\/wp\/v2\/media\/230914"}],"wp:attachment":[{"href":"https:\/\/www.inesha.com.co\/w\/wp-json\/wp\/v2\/media?parent=230785"}],"wp:term":[{"taxonomy":"product_brand","embeddable":true,"href":"https:\/\/www.inesha.com.co\/w\/wp-json\/wp\/v2\/product_brand?post=230785"},{"taxonomy":"product_cat","embeddable":true,"href":"https:\/\/www.inesha.com.co\/w\/wp-json\/wp\/v2\/product_cat?post=230785"},{"taxonomy":"product_tag","embeddable":true,"href":"https:\/\/www.inesha.com.co\/w\/wp-json\/wp\/v2\/product_tag?post=230785"}],"curies":[{"name":"wp","href":"https:\/\/api.w.org\/{rel}","templated":true}]}}