{"id":230759,"date":"2024-05-23T09:51:11","date_gmt":"2024-05-23T14:51:11","guid":{"rendered":"https:\/\/www.inesha.com.co\/w\/?post_type=product&#038;p=230759"},"modified":"2024-07-02T15:34:46","modified_gmt":"2024-07-02T20:34:46","slug":"mezclador-lavaplatos-cromada-ol204c","status":"publish","type":"product","link":"https:\/\/www.inesha.com.co\/w\/producto\/mezclador-lavaplatos-cromada-ol204c\/","title":{"rendered":"Mezclador lavaplatos cromada ol204c"},"content":{"rendered":"<p>Mezclador monocontrol para lavaplatos<br \/>\n-Incluye mangueras<br \/>\n-Acabado: Cromado<br \/>\n                                                                                                                              Recomendaci\u00f3n<br \/>\n-No usar ning\u00fan tipo de llave para la instalaci\u00f3n<br \/>\n-Poner las mangueras primero con la argolla y luego poner la llave.<\/p>\n<p>Limpieza<br \/>\nPara limpiar la llave solo se debe usar un trapo delicado con agua y jab\u00f3n.<br \/>\n-No usar ning\u00fan tipo de sustancia corrosiva<\/p>\n<p>GARANT\u00cdA<\/p>\n<p>6 meses<\/p>\n","protected":false},"excerpt":{"rendered":"<p>Mezclador monocontrol para lavaplatos -Incluye mangueras -Acabado: Cromado Recomendaci\u00f3n -No usar ning\u00fan tipo de llave para la instalaci\u00f3n -Poner las mangueras primero con la argolla y luego poner la llave. Limpieza Para limpiar la llave solo se debe usar un trapo delicado con agua y jab\u00f3n. -No usar ning\u00fan tipo de sustancia corrosiva GARANT\u00cdA 6 [&hellip;]<\/p>\n","protected":false},"featured_media":230910,"comment_status":"closed","ping_status":"closed","template":"","meta":{"_et_pb_use_builder":"","_et_pb_old_content":"","_et_gb_content_width":""},"product_brand":[],"product_cat":[43],"product_tag":[],"class_list":{"0":"post-230759","1":"product","2":"type-product","3":"status-publish","4":"has-post-thumbnail","6":"product_cat-cocina","8":"first","9":"instock","10":"featured","11":"shipping-taxable","12":"purchasable","13":"product-type-simple"},"_links":{"self":[{"href":"https:\/\/www.inesha.com.co\/w\/wp-json\/wp\/v2\/product\/230759","targetHints":{"allow":["GET"]}}],"collection":[{"href":"https:\/\/www.inesha.com.co\/w\/wp-json\/wp\/v2\/product"}],"about":[{"href":"https:\/\/www.inesha.com.co\/w\/wp-json\/wp\/v2\/types\/product"}],"replies":[{"embeddable":true,"href":"https:\/\/www.inesha.com.co\/w\/wp-json\/wp\/v2\/comments?post=230759"}],"wp:featuredmedia":[{"embeddable":true,"href":"https:\/\/www.inesha.com.co\/w\/wp-json\/wp\/v2\/media\/230910"}],"wp:attachment":[{"href":"https:\/\/www.inesha.com.co\/w\/wp-json\/wp\/v2\/media?parent=230759"}],"wp:term":[{"taxonomy":"product_brand","embeddable":true,"href":"https:\/\/www.inesha.com.co\/w\/wp-json\/wp\/v2\/product_brand?post=230759"},{"taxonomy":"product_cat","embeddable":true,"href":"https:\/\/www.inesha.com.co\/w\/wp-json\/wp\/v2\/product_cat?post=230759"},{"taxonomy":"product_tag","embeddable":true,"href":"https:\/\/www.inesha.com.co\/w\/wp-json\/wp\/v2\/product_tag?post=230759"}],"curies":[{"name":"wp","href":"https:\/\/api.w.org\/{rel}","templated":true}]}}