{"id":230753,"date":"2024-05-22T21:24:14","date_gmt":"2024-05-23T02:24:14","guid":{"rendered":"https:\/\/www.inesha.com.co\/w\/?post_type=product&#038;p=230753"},"modified":"2024-07-17T09:56:29","modified_gmt":"2024-07-17T14:56:29","slug":"toma-tv-y-telefono-negro-m6","status":"publish","type":"product","link":"https:\/\/www.inesha.com.co\/w\/producto\/toma-tv-y-telefono-negro-m6\/","title":{"rendered":"Toma tv y tel\u00e9fono negro M6"},"content":{"rendered":"<p>Toma televisi\u00f3n y tel\u00e9fono<\/p>\n<p>Norma retie<br \/>\nContactos: En Bronce                          <\/p>\n<p>GARANT\u00cdA<\/p>\n<p>12 a\u00f1os<\/p>\n","protected":false},"excerpt":{"rendered":"<p>Toma televisi\u00f3n y tel\u00e9fono Norma retie Contactos: En Bronce GARANT\u00cdA 12 a\u00f1os<\/p>\n","protected":false},"featured_media":231007,"comment_status":"closed","ping_status":"closed","template":"","meta":{"_et_pb_use_builder":"","_et_pb_old_content":"","_et_gb_content_width":""},"product_brand":[],"product_cat":[63],"product_tag":[],"class_list":{"0":"post-230753","1":"product","2":"type-product","3":"status-publish","4":"has-post-thumbnail","6":"product_cat-tomas-e-interruptores","8":"first","9":"instock","10":"shipping-taxable","11":"purchasable","12":"product-type-simple"},"_links":{"self":[{"href":"https:\/\/www.inesha.com.co\/w\/wp-json\/wp\/v2\/product\/230753","targetHints":{"allow":["GET"]}}],"collection":[{"href":"https:\/\/www.inesha.com.co\/w\/wp-json\/wp\/v2\/product"}],"about":[{"href":"https:\/\/www.inesha.com.co\/w\/wp-json\/wp\/v2\/types\/product"}],"replies":[{"embeddable":true,"href":"https:\/\/www.inesha.com.co\/w\/wp-json\/wp\/v2\/comments?post=230753"}],"wp:featuredmedia":[{"embeddable":true,"href":"https:\/\/www.inesha.com.co\/w\/wp-json\/wp\/v2\/media\/231007"}],"wp:attachment":[{"href":"https:\/\/www.inesha.com.co\/w\/wp-json\/wp\/v2\/media?parent=230753"}],"wp:term":[{"taxonomy":"product_brand","embeddable":true,"href":"https:\/\/www.inesha.com.co\/w\/wp-json\/wp\/v2\/product_brand?post=230753"},{"taxonomy":"product_cat","embeddable":true,"href":"https:\/\/www.inesha.com.co\/w\/wp-json\/wp\/v2\/product_cat?post=230753"},{"taxonomy":"product_tag","embeddable":true,"href":"https:\/\/www.inesha.com.co\/w\/wp-json\/wp\/v2\/product_tag?post=230753"}],"curies":[{"name":"wp","href":"https:\/\/api.w.org\/{rel}","templated":true}]}}