{"id":230743,"date":"2024-05-22T20:43:39","date_gmt":"2024-05-23T01:43:39","guid":{"rendered":"https:\/\/www.inesha.com.co\/w\/?post_type=product&#038;p=230743"},"modified":"2024-07-10T16:52:13","modified_gmt":"2024-07-10T21:52:13","slug":"toma-telefono-negro-m6","status":"publish","type":"product","link":"https:\/\/www.inesha.com.co\/w\/producto\/toma-telefono-negro-m6\/","title":{"rendered":"Toma tel\u00e9fono negro M6"},"content":{"rendered":"<p>Toma tel\u00e9fono <\/p>\n<p>Norma retie<br \/>\nContactos: En Bronce                          <\/p>\n<p>GARANT\u00cdA<\/p>\n<p>12 a\u00f1os<\/p>\n","protected":false},"excerpt":{"rendered":"<p>Toma tel\u00e9fono Norma retie Contactos: En Bronce GARANT\u00cdA 12 a\u00f1os<\/p>\n","protected":false},"featured_media":230982,"comment_status":"closed","ping_status":"closed","template":"","meta":{"_et_pb_use_builder":"","_et_pb_old_content":"","_et_gb_content_width":""},"product_brand":[],"product_cat":[63],"product_tag":[],"class_list":{"0":"post-230743","1":"product","2":"type-product","3":"status-publish","4":"has-post-thumbnail","6":"product_cat-tomas-e-interruptores","8":"first","9":"instock","10":"featured","11":"shipping-taxable","12":"purchasable","13":"product-type-simple"},"_links":{"self":[{"href":"https:\/\/www.inesha.com.co\/w\/wp-json\/wp\/v2\/product\/230743","targetHints":{"allow":["GET"]}}],"collection":[{"href":"https:\/\/www.inesha.com.co\/w\/wp-json\/wp\/v2\/product"}],"about":[{"href":"https:\/\/www.inesha.com.co\/w\/wp-json\/wp\/v2\/types\/product"}],"replies":[{"embeddable":true,"href":"https:\/\/www.inesha.com.co\/w\/wp-json\/wp\/v2\/comments?post=230743"}],"wp:featuredmedia":[{"embeddable":true,"href":"https:\/\/www.inesha.com.co\/w\/wp-json\/wp\/v2\/media\/230982"}],"wp:attachment":[{"href":"https:\/\/www.inesha.com.co\/w\/wp-json\/wp\/v2\/media?parent=230743"}],"wp:term":[{"taxonomy":"product_brand","embeddable":true,"href":"https:\/\/www.inesha.com.co\/w\/wp-json\/wp\/v2\/product_brand?post=230743"},{"taxonomy":"product_cat","embeddable":true,"href":"https:\/\/www.inesha.com.co\/w\/wp-json\/wp\/v2\/product_cat?post=230743"},{"taxonomy":"product_tag","embeddable":true,"href":"https:\/\/www.inesha.com.co\/w\/wp-json\/wp\/v2\/product_tag?post=230743"}],"curies":[{"name":"wp","href":"https:\/\/api.w.org\/{rel}","templated":true}]}}