{"id":230738,"date":"2024-05-21T17:47:45","date_gmt":"2024-05-21T22:47:45","guid":{"rendered":"https:\/\/www.inesha.com.co\/w\/?post_type=product&#038;p=230738"},"modified":"2024-07-10T16:24:49","modified_gmt":"2024-07-10T21:24:49","slug":"toma-mas-interruptor-negro-m6","status":"publish","type":"product","link":"https:\/\/www.inesha.com.co\/w\/producto\/toma-mas-interruptor-negro-m6\/","title":{"rendered":"Toma m\u00e1s interruptor negro M6"},"content":{"rendered":"<p>Toma corriente m\u00e1s interruptor<\/p>\n<p>Norma Retie<br \/>\nContactos: En bronce<br \/>\nCorriente nominal (a): 15 a<br \/>\nDescripci\u00f3n: toma doble 15a\/125v 1875w<br \/>\nMaterial: acero<br \/>\nTensi\u00f3n nominal (v): 125 v<\/p>\n<p>GARANT\u00cdA<\/p>\n<p>12 a\u00f1os<\/p>\n","protected":false},"excerpt":{"rendered":"<p>Toma corriente m\u00e1s interruptor Norma Retie Contactos: En bronce Corriente nominal (a): 15 a Descripci\u00f3n: toma doble 15a\/125v 1875w Material: acero Tensi\u00f3n nominal (v): 125 v GARANT\u00cdA 12 a\u00f1os<\/p>\n","protected":false},"featured_media":230975,"comment_status":"closed","ping_status":"closed","template":"","meta":{"_et_pb_use_builder":"","_et_pb_old_content":"","_et_gb_content_width":""},"product_brand":[],"product_cat":[63],"product_tag":[],"class_list":{"0":"post-230738","1":"product","2":"type-product","3":"status-publish","4":"has-post-thumbnail","6":"product_cat-tomas-e-interruptores","8":"first","9":"instock","10":"shipping-taxable","11":"purchasable","12":"product-type-simple"},"_links":{"self":[{"href":"https:\/\/www.inesha.com.co\/w\/wp-json\/wp\/v2\/product\/230738","targetHints":{"allow":["GET"]}}],"collection":[{"href":"https:\/\/www.inesha.com.co\/w\/wp-json\/wp\/v2\/product"}],"about":[{"href":"https:\/\/www.inesha.com.co\/w\/wp-json\/wp\/v2\/types\/product"}],"replies":[{"embeddable":true,"href":"https:\/\/www.inesha.com.co\/w\/wp-json\/wp\/v2\/comments?post=230738"}],"wp:featuredmedia":[{"embeddable":true,"href":"https:\/\/www.inesha.com.co\/w\/wp-json\/wp\/v2\/media\/230975"}],"wp:attachment":[{"href":"https:\/\/www.inesha.com.co\/w\/wp-json\/wp\/v2\/media?parent=230738"}],"wp:term":[{"taxonomy":"product_brand","embeddable":true,"href":"https:\/\/www.inesha.com.co\/w\/wp-json\/wp\/v2\/product_brand?post=230738"},{"taxonomy":"product_cat","embeddable":true,"href":"https:\/\/www.inesha.com.co\/w\/wp-json\/wp\/v2\/product_cat?post=230738"},{"taxonomy":"product_tag","embeddable":true,"href":"https:\/\/www.inesha.com.co\/w\/wp-json\/wp\/v2\/product_tag?post=230738"}],"curies":[{"name":"wp","href":"https:\/\/api.w.org\/{rel}","templated":true}]}}