{"id":230729,"date":"2024-05-21T17:00:49","date_gmt":"2024-05-21T22:00:49","guid":{"rendered":"https:\/\/www.inesha.com.co\/w\/?post_type=product&#038;p=230729"},"modified":"2024-08-20T16:13:29","modified_gmt":"2024-08-20T21:13:29","slug":"toma-doble-gris-m4","status":"publish","type":"product","link":"https:\/\/www.inesha.com.co\/w\/producto\/toma-doble-gris-m4\/","title":{"rendered":"Toma doble gris M4"},"content":{"rendered":"<p>Toma corriente doble de lujo <\/p>\n<p>Norma Retie<br \/>\nContactos: En bronce<br \/>\nCorriente nominal (a): 15 a<br \/>\nDescripci\u00f3n: toma doble 15a\/125v 1875w<br \/>\nMaterial: acero<br \/>\nTensi\u00f3n nominal (v): 125 v<\/p>\n<p>GARANT\u00cdA<\/p>\n<p>12 a\u00f1os<\/p>\n","protected":false},"excerpt":{"rendered":"<p>Toma corriente doble de lujo Norma Retie Contactos: En bronce Corriente nominal (a): 15 a Descripci\u00f3n: toma doble 15a\/125v 1875w Material: acero Tensi\u00f3n nominal (v): 125 v GARANT\u00cdA 12 a\u00f1os<\/p>\n","protected":false},"featured_media":231027,"comment_status":"closed","ping_status":"closed","template":"","meta":{"_et_pb_use_builder":"","_et_pb_old_content":"","_et_gb_content_width":""},"product_brand":[],"product_cat":[63],"product_tag":[],"class_list":{"0":"post-230729","1":"product","2":"type-product","3":"status-publish","4":"has-post-thumbnail","6":"product_cat-tomas-e-interruptores","8":"first","9":"instock","10":"shipping-taxable","11":"purchasable","12":"product-type-simple"},"_links":{"self":[{"href":"https:\/\/www.inesha.com.co\/w\/wp-json\/wp\/v2\/product\/230729","targetHints":{"allow":["GET"]}}],"collection":[{"href":"https:\/\/www.inesha.com.co\/w\/wp-json\/wp\/v2\/product"}],"about":[{"href":"https:\/\/www.inesha.com.co\/w\/wp-json\/wp\/v2\/types\/product"}],"replies":[{"embeddable":true,"href":"https:\/\/www.inesha.com.co\/w\/wp-json\/wp\/v2\/comments?post=230729"}],"wp:featuredmedia":[{"embeddable":true,"href":"https:\/\/www.inesha.com.co\/w\/wp-json\/wp\/v2\/media\/231027"}],"wp:attachment":[{"href":"https:\/\/www.inesha.com.co\/w\/wp-json\/wp\/v2\/media?parent=230729"}],"wp:term":[{"taxonomy":"product_brand","embeddable":true,"href":"https:\/\/www.inesha.com.co\/w\/wp-json\/wp\/v2\/product_brand?post=230729"},{"taxonomy":"product_cat","embeddable":true,"href":"https:\/\/www.inesha.com.co\/w\/wp-json\/wp\/v2\/product_cat?post=230729"},{"taxonomy":"product_tag","embeddable":true,"href":"https:\/\/www.inesha.com.co\/w\/wp-json\/wp\/v2\/product_tag?post=230729"}],"curies":[{"name":"wp","href":"https:\/\/api.w.org\/{rel}","templated":true}]}}