{"id":230728,"date":"2024-05-21T16:59:11","date_gmt":"2024-05-21T21:59:11","guid":{"rendered":"https:\/\/www.inesha.com.co\/w\/?post_type=product&#038;p=230728"},"modified":"2024-07-10T15:21:00","modified_gmt":"2024-07-10T20:21:00","slug":"toma-doble-blanco-m3","status":"publish","type":"product","link":"https:\/\/www.inesha.com.co\/w\/producto\/toma-doble-blanco-m3\/","title":{"rendered":"Toma doble blanco M3"},"content":{"rendered":"<p>Toma corriente doble de lujo <\/p>\n<p>Norma Retie<br \/>\nContactos: En bronce<br \/>\nCorriente nominal (a): 15 a<br \/>\nDescripci\u00f3n: toma doble 15a\/125v 1875w<br \/>\nMaterial: acero<br \/>\nTensi\u00f3n nominal (v): 125 v<\/p>\n<p>GARANT\u00cdA<\/p>\n<p>12 a\u00f1os<\/p>\n","protected":false},"excerpt":{"rendered":"<p>Toma corriente doble de lujo Norma Retie Contactos: En bronce Corriente nominal (a): 15 a Descripci\u00f3n: toma doble 15a\/125v 1875w Material: acero Tensi\u00f3n nominal (v): 125 v GARANT\u00cdA 12 a\u00f1os<\/p>\n","protected":false},"featured_media":230967,"comment_status":"closed","ping_status":"closed","template":"","meta":{"_et_pb_use_builder":"","_et_pb_old_content":"","_et_gb_content_width":""},"product_brand":[],"product_cat":[63],"product_tag":[],"class_list":{"0":"post-230728","1":"product","2":"type-product","3":"status-publish","4":"has-post-thumbnail","6":"product_cat-tomas-e-interruptores","8":"first","9":"instock","10":"shipping-taxable","11":"purchasable","12":"product-type-simple"},"_links":{"self":[{"href":"https:\/\/www.inesha.com.co\/w\/wp-json\/wp\/v2\/product\/230728","targetHints":{"allow":["GET"]}}],"collection":[{"href":"https:\/\/www.inesha.com.co\/w\/wp-json\/wp\/v2\/product"}],"about":[{"href":"https:\/\/www.inesha.com.co\/w\/wp-json\/wp\/v2\/types\/product"}],"replies":[{"embeddable":true,"href":"https:\/\/www.inesha.com.co\/w\/wp-json\/wp\/v2\/comments?post=230728"}],"wp:featuredmedia":[{"embeddable":true,"href":"https:\/\/www.inesha.com.co\/w\/wp-json\/wp\/v2\/media\/230967"}],"wp:attachment":[{"href":"https:\/\/www.inesha.com.co\/w\/wp-json\/wp\/v2\/media?parent=230728"}],"wp:term":[{"taxonomy":"product_brand","embeddable":true,"href":"https:\/\/www.inesha.com.co\/w\/wp-json\/wp\/v2\/product_brand?post=230728"},{"taxonomy":"product_cat","embeddable":true,"href":"https:\/\/www.inesha.com.co\/w\/wp-json\/wp\/v2\/product_cat?post=230728"},{"taxonomy":"product_tag","embeddable":true,"href":"https:\/\/www.inesha.com.co\/w\/wp-json\/wp\/v2\/product_tag?post=230728"}],"curies":[{"name":"wp","href":"https:\/\/api.w.org\/{rel}","templated":true}]}}