{"id":230663,"date":"2024-05-20T17:24:43","date_gmt":"2024-05-20T22:24:43","guid":{"rendered":"https:\/\/www.inesha.com.co\/w\/?post_type=product&#038;p=230663"},"modified":"2024-06-28T14:50:13","modified_gmt":"2024-06-28T19:50:13","slug":"llave-lavaplatos-meson-flexible-satinada-ol-d076","status":"publish","type":"product","link":"https:\/\/www.inesha.com.co\/w\/producto\/llave-lavaplatos-meson-flexible-satinada-ol-d076\/","title":{"rendered":"Llave lavaplatos mes\u00f3n satinada ol-d094"},"content":{"rendered":"<p>Llave para lavaplatos<br \/>\n-Agua fr\u00eda<br \/>\n-Acabado: Satinado<br \/>\n-Incluye manguera                 <\/p>\n<p>Recomendaci\u00f3n<br \/>\n-No usar ning\u00fan tipo de llave para la instalaci\u00f3n<br \/>\n-Poner la manguera primero con la argolla y luego poner la llave.<\/p>\n<p>Limpieza<br \/>\nPara limpiar la llave solo se debe usar un trapo delicado con agua y jab\u00f3n.<br \/>\n-No usar ning\u00fan tipo de sustancia corrosiva<\/p>\n<p>GARANT\u00cdA<\/p>\n<p>6 meses<\/p>\n","protected":false},"excerpt":{"rendered":"<p>Llave para lavaplatos -Agua fr\u00eda -Acabado: Satinado -Incluye manguera Recomendaci\u00f3n -No usar ning\u00fan tipo de llave para la instalaci\u00f3n -Poner la manguera primero con la argolla y luego poner la llave. Limpieza Para limpiar la llave solo se debe usar un trapo delicado con agua y jab\u00f3n. -No usar ning\u00fan tipo de sustancia corrosiva GARANT\u00cdA [&hellip;]<\/p>\n","protected":false},"featured_media":230871,"comment_status":"closed","ping_status":"closed","template":"","meta":{"_et_pb_use_builder":"","_et_pb_old_content":"","_et_gb_content_width":""},"product_brand":[],"product_cat":[43],"product_tag":[],"class_list":{"0":"post-230663","1":"product","2":"type-product","3":"status-publish","4":"has-post-thumbnail","6":"product_cat-cocina","8":"first","9":"instock","10":"shipping-taxable","11":"purchasable","12":"product-type-simple"},"_links":{"self":[{"href":"https:\/\/www.inesha.com.co\/w\/wp-json\/wp\/v2\/product\/230663","targetHints":{"allow":["GET"]}}],"collection":[{"href":"https:\/\/www.inesha.com.co\/w\/wp-json\/wp\/v2\/product"}],"about":[{"href":"https:\/\/www.inesha.com.co\/w\/wp-json\/wp\/v2\/types\/product"}],"replies":[{"embeddable":true,"href":"https:\/\/www.inesha.com.co\/w\/wp-json\/wp\/v2\/comments?post=230663"}],"wp:featuredmedia":[{"embeddable":true,"href":"https:\/\/www.inesha.com.co\/w\/wp-json\/wp\/v2\/media\/230871"}],"wp:attachment":[{"href":"https:\/\/www.inesha.com.co\/w\/wp-json\/wp\/v2\/media?parent=230663"}],"wp:term":[{"taxonomy":"product_brand","embeddable":true,"href":"https:\/\/www.inesha.com.co\/w\/wp-json\/wp\/v2\/product_brand?post=230663"},{"taxonomy":"product_cat","embeddable":true,"href":"https:\/\/www.inesha.com.co\/w\/wp-json\/wp\/v2\/product_cat?post=230663"},{"taxonomy":"product_tag","embeddable":true,"href":"https:\/\/www.inesha.com.co\/w\/wp-json\/wp\/v2\/product_tag?post=230663"}],"curies":[{"name":"wp","href":"https:\/\/api.w.org\/{rel}","templated":true}]}}