{"id":230643,"date":"2024-05-20T16:19:47","date_gmt":"2024-05-20T21:19:47","guid":{"rendered":"https:\/\/www.inesha.com.co\/w\/?post_type=product&#038;p=230643"},"modified":"2024-08-20T16:14:36","modified_gmt":"2024-08-20T21:14:36","slug":"interruptor-triple-gris-m4","status":"publish","type":"product","link":"https:\/\/www.inesha.com.co\/w\/producto\/interruptor-triple-gris-m4\/","title":{"rendered":"Interruptor triple gris M4"},"content":{"rendered":"<p>Interruptor\/switche Triple<\/p>\n<p>Norma retie<br \/>\nContactos: En Bronce<br \/>\nToda la l\u00ednea es conmutable o no conmutable.<\/p>\n<p>GARANT\u00cdA<\/p>\n<p>12 a\u00f1os<\/p>\n","protected":false},"excerpt":{"rendered":"<p>Interruptor\/switche Triple Norma retie Contactos: En Bronce Toda la l\u00ednea es conmutable o no conmutable. GARANT\u00cdA 12 a\u00f1os<\/p>\n","protected":false},"featured_media":231029,"comment_status":"closed","ping_status":"closed","template":"","meta":{"_et_pb_use_builder":"","_et_pb_old_content":"","_et_gb_content_width":""},"product_brand":[],"product_cat":[63],"product_tag":[],"class_list":{"0":"post-230643","1":"product","2":"type-product","3":"status-publish","4":"has-post-thumbnail","6":"product_cat-tomas-e-interruptores","8":"first","9":"instock","10":"shipping-taxable","11":"purchasable","12":"product-type-simple"},"_links":{"self":[{"href":"https:\/\/www.inesha.com.co\/w\/wp-json\/wp\/v2\/product\/230643","targetHints":{"allow":["GET"]}}],"collection":[{"href":"https:\/\/www.inesha.com.co\/w\/wp-json\/wp\/v2\/product"}],"about":[{"href":"https:\/\/www.inesha.com.co\/w\/wp-json\/wp\/v2\/types\/product"}],"replies":[{"embeddable":true,"href":"https:\/\/www.inesha.com.co\/w\/wp-json\/wp\/v2\/comments?post=230643"}],"wp:featuredmedia":[{"embeddable":true,"href":"https:\/\/www.inesha.com.co\/w\/wp-json\/wp\/v2\/media\/231029"}],"wp:attachment":[{"href":"https:\/\/www.inesha.com.co\/w\/wp-json\/wp\/v2\/media?parent=230643"}],"wp:term":[{"taxonomy":"product_brand","embeddable":true,"href":"https:\/\/www.inesha.com.co\/w\/wp-json\/wp\/v2\/product_brand?post=230643"},{"taxonomy":"product_cat","embeddable":true,"href":"https:\/\/www.inesha.com.co\/w\/wp-json\/wp\/v2\/product_cat?post=230643"},{"taxonomy":"product_tag","embeddable":true,"href":"https:\/\/www.inesha.com.co\/w\/wp-json\/wp\/v2\/product_tag?post=230643"}],"curies":[{"name":"wp","href":"https:\/\/api.w.org\/{rel}","templated":true}]}}