{"id":230640,"date":"2024-05-20T16:08:41","date_gmt":"2024-05-20T21:08:41","guid":{"rendered":"https:\/\/www.inesha.com.co\/w\/?post_type=product&#038;p=230640"},"modified":"2024-07-09T16:42:53","modified_gmt":"2024-07-09T21:42:53","slug":"interruptor-sencillo-negro-m6","status":"publish","type":"product","link":"https:\/\/www.inesha.com.co\/w\/producto\/interruptor-sencillo-negro-m6\/","title":{"rendered":"Interruptor sencillo negro M6"},"content":{"rendered":"<p>Interruptor\/switche Sencillo<\/p>\n<p>Norma retie<br \/>\nContactos: En Bronce<br \/>\nToda la l\u00ednea es conmutable o no conmutable.<\/p>\n<p>GARANT\u00cdA<\/p>\n<p>12 a\u00f1os<\/p>\n","protected":false},"excerpt":{"rendered":"<p>Interruptor\/switche Sencillo Norma retie Contactos: En Bronce Toda la l\u00ednea es conmutable o no conmutable. GARANT\u00cdA 12 a\u00f1os<\/p>\n","protected":false},"featured_media":230954,"comment_status":"closed","ping_status":"closed","template":"","meta":{"_et_pb_use_builder":"","_et_pb_old_content":"","_et_gb_content_width":""},"product_brand":[],"product_cat":[63],"product_tag":[],"class_list":{"0":"post-230640","1":"product","2":"type-product","3":"status-publish","4":"has-post-thumbnail","6":"product_cat-tomas-e-interruptores","8":"first","9":"instock","10":"shipping-taxable","11":"purchasable","12":"product-type-simple"},"_links":{"self":[{"href":"https:\/\/www.inesha.com.co\/w\/wp-json\/wp\/v2\/product\/230640","targetHints":{"allow":["GET"]}}],"collection":[{"href":"https:\/\/www.inesha.com.co\/w\/wp-json\/wp\/v2\/product"}],"about":[{"href":"https:\/\/www.inesha.com.co\/w\/wp-json\/wp\/v2\/types\/product"}],"replies":[{"embeddable":true,"href":"https:\/\/www.inesha.com.co\/w\/wp-json\/wp\/v2\/comments?post=230640"}],"wp:featuredmedia":[{"embeddable":true,"href":"https:\/\/www.inesha.com.co\/w\/wp-json\/wp\/v2\/media\/230954"}],"wp:attachment":[{"href":"https:\/\/www.inesha.com.co\/w\/wp-json\/wp\/v2\/media?parent=230640"}],"wp:term":[{"taxonomy":"product_brand","embeddable":true,"href":"https:\/\/www.inesha.com.co\/w\/wp-json\/wp\/v2\/product_brand?post=230640"},{"taxonomy":"product_cat","embeddable":true,"href":"https:\/\/www.inesha.com.co\/w\/wp-json\/wp\/v2\/product_cat?post=230640"},{"taxonomy":"product_tag","embeddable":true,"href":"https:\/\/www.inesha.com.co\/w\/wp-json\/wp\/v2\/product_tag?post=230640"}],"curies":[{"name":"wp","href":"https:\/\/api.w.org\/{rel}","templated":true}]}}