{"id":230630,"date":"2024-05-20T15:12:58","date_gmt":"2024-05-20T20:12:58","guid":{"rendered":"https:\/\/www.inesha.com.co\/w\/?post_type=product&#038;p=230630"},"modified":"2024-06-27T16:35:01","modified_gmt":"2024-06-27T21:35:01","slug":"accesorio-bano-metalico-negro-6-piezas","status":"publish","type":"product","link":"https:\/\/www.inesha.com.co\/w\/producto\/accesorio-bano-metalico-negro-6-piezas\/","title":{"rendered":"Accesorio ba\u00f1o met\u00e1lico negro 6 piezas"},"content":{"rendered":"<p>Juego de accesorios met\u00e1lico x 6 piezas<br \/>\n-Acabado: Negro Mate<\/p>\n<p>GARANT\u00cdA<\/p>\n<p>6 meses<br \/>\nEn partes que no sean de vidrio<\/p>\n","protected":false},"excerpt":{"rendered":"<p>Juego de accesorios met\u00e1lico x 6 piezas -Acabado: Negro Mate GARANT\u00cdA 6 meses En partes que no sean de vidrio<\/p>\n","protected":false},"featured_media":230858,"comment_status":"closed","ping_status":"closed","template":"","meta":{"_et_pb_use_builder":"","_et_pb_old_content":"","_et_gb_content_width":""},"product_brand":[],"product_cat":[58],"product_tag":[],"class_list":{"0":"post-230630","1":"product","2":"type-product","3":"status-publish","4":"has-post-thumbnail","6":"product_cat-banos","8":"first","9":"instock","10":"shipping-taxable","11":"purchasable","12":"product-type-simple"},"_links":{"self":[{"href":"https:\/\/www.inesha.com.co\/w\/wp-json\/wp\/v2\/product\/230630","targetHints":{"allow":["GET"]}}],"collection":[{"href":"https:\/\/www.inesha.com.co\/w\/wp-json\/wp\/v2\/product"}],"about":[{"href":"https:\/\/www.inesha.com.co\/w\/wp-json\/wp\/v2\/types\/product"}],"replies":[{"embeddable":true,"href":"https:\/\/www.inesha.com.co\/w\/wp-json\/wp\/v2\/comments?post=230630"}],"wp:featuredmedia":[{"embeddable":true,"href":"https:\/\/www.inesha.com.co\/w\/wp-json\/wp\/v2\/media\/230858"}],"wp:attachment":[{"href":"https:\/\/www.inesha.com.co\/w\/wp-json\/wp\/v2\/media?parent=230630"}],"wp:term":[{"taxonomy":"product_brand","embeddable":true,"href":"https:\/\/www.inesha.com.co\/w\/wp-json\/wp\/v2\/product_brand?post=230630"},{"taxonomy":"product_cat","embeddable":true,"href":"https:\/\/www.inesha.com.co\/w\/wp-json\/wp\/v2\/product_cat?post=230630"},{"taxonomy":"product_tag","embeddable":true,"href":"https:\/\/www.inesha.com.co\/w\/wp-json\/wp\/v2\/product_tag?post=230630"}],"curies":[{"name":"wp","href":"https:\/\/api.w.org\/{rel}","templated":true}]}}