{"id":230625,"date":"2024-05-20T14:58:03","date_gmt":"2024-05-20T19:58:03","guid":{"rendered":"https:\/\/www.inesha.com.co\/w\/?post_type=product&#038;p=230625"},"modified":"2024-06-27T17:16:01","modified_gmt":"2024-06-27T22:16:01","slug":"dispensador-de-jabon-negro","status":"publish","type":"product","link":"https:\/\/www.inesha.com.co\/w\/producto\/dispensador-de-jabon-negro\/","title":{"rendered":"Dispensador de jab\u00f3n negro"},"content":{"rendered":"<p>Dispensador para jab\u00f3n l\u00edquido<br \/>\nColor: Negro<br \/>\nSe puede usar en lavaplatos y lavamanos.<br \/>\nCapacidad 300 ml<\/p>\n<p>Recomendaciones<\/p>\n<p>Para limpiar el dispensador solo se debe usar un trapo delicado con agua y jab\u00f3n.<\/p>\n<p>GARANT\u00cdA<\/p>\n<p>3 meses<\/p>\n","protected":false},"excerpt":{"rendered":"<p>Dispensador para jab\u00f3n l\u00edquido Color: Negro Se puede usar en lavaplatos y lavamanos. Capacidad 300 ml Recomendaciones Para limpiar el dispensador solo se debe usar un trapo delicado con agua y jab\u00f3n. GARANT\u00cdA 3 meses<\/p>\n","protected":false},"featured_media":230859,"comment_status":"closed","ping_status":"closed","template":"","meta":{"_et_pb_use_builder":"","_et_pb_old_content":"","_et_gb_content_width":""},"product_brand":[],"product_cat":[43],"product_tag":[],"class_list":{"0":"post-230625","1":"product","2":"type-product","3":"status-publish","4":"has-post-thumbnail","6":"product_cat-cocina","8":"first","9":"instock","10":"shipping-taxable","11":"purchasable","12":"product-type-simple"},"_links":{"self":[{"href":"https:\/\/www.inesha.com.co\/w\/wp-json\/wp\/v2\/product\/230625","targetHints":{"allow":["GET"]}}],"collection":[{"href":"https:\/\/www.inesha.com.co\/w\/wp-json\/wp\/v2\/product"}],"about":[{"href":"https:\/\/www.inesha.com.co\/w\/wp-json\/wp\/v2\/types\/product"}],"replies":[{"embeddable":true,"href":"https:\/\/www.inesha.com.co\/w\/wp-json\/wp\/v2\/comments?post=230625"}],"wp:featuredmedia":[{"embeddable":true,"href":"https:\/\/www.inesha.com.co\/w\/wp-json\/wp\/v2\/media\/230859"}],"wp:attachment":[{"href":"https:\/\/www.inesha.com.co\/w\/wp-json\/wp\/v2\/media?parent=230625"}],"wp:term":[{"taxonomy":"product_brand","embeddable":true,"href":"https:\/\/www.inesha.com.co\/w\/wp-json\/wp\/v2\/product_brand?post=230625"},{"taxonomy":"product_cat","embeddable":true,"href":"https:\/\/www.inesha.com.co\/w\/wp-json\/wp\/v2\/product_cat?post=230625"},{"taxonomy":"product_tag","embeddable":true,"href":"https:\/\/www.inesha.com.co\/w\/wp-json\/wp\/v2\/product_tag?post=230625"}],"curies":[{"name":"wp","href":"https:\/\/api.w.org\/{rel}","templated":true}]}}