{"id":230619,"date":"2024-05-20T12:05:53","date_gmt":"2024-05-20T17:05:53","guid":{"rendered":"https:\/\/www.inesha.com.co\/w\/?post_type=product&#038;p=230619"},"modified":"2024-06-27T16:17:22","modified_gmt":"2024-06-27T21:17:22","slug":"accesorio-para-bano-metalico-gris-6-piezas","status":"publish","type":"product","link":"https:\/\/www.inesha.com.co\/w\/producto\/accesorio-para-bano-metalico-gris-6-piezas\/","title":{"rendered":"Accesorio para ba\u00f1o met\u00e1lico gris 6 piezas"},"content":{"rendered":"<p>Juego de accesorios met\u00e1lico x 6 piezas<br \/>\n -Acabado: Gris Mate<\/p>\n<p>GARANTIA<br \/>\n6 meses<br \/>\nEn partes que no sean de vidrio<\/p>\n","protected":false},"excerpt":{"rendered":"<p>Juego de accesorios met\u00e1lico x 6 piezas -Acabado: Gris Mate GARANTIA 6 meses En partes que no sean de vidrio<\/p>\n","protected":false},"featured_media":230855,"comment_status":"closed","ping_status":"closed","template":"","meta":{"_et_pb_use_builder":"on","_et_pb_old_content":"Juego de accesorios met\u00e1lico x 6 piezas  \r\n -Acabado: Gris Mate\r\n\r\nGARANTIA \r\n6 meses                              \r\nEn partes que no sean de vidrio","_et_gb_content_width":""},"product_brand":[],"product_cat":[58],"product_tag":[],"class_list":{"0":"post-230619","1":"product","2":"type-product","3":"status-publish","4":"has-post-thumbnail","6":"product_cat-banos","8":"first","9":"instock","10":"shipping-taxable","11":"purchasable","12":"product-type-simple"},"_links":{"self":[{"href":"https:\/\/www.inesha.com.co\/w\/wp-json\/wp\/v2\/product\/230619","targetHints":{"allow":["GET"]}}],"collection":[{"href":"https:\/\/www.inesha.com.co\/w\/wp-json\/wp\/v2\/product"}],"about":[{"href":"https:\/\/www.inesha.com.co\/w\/wp-json\/wp\/v2\/types\/product"}],"replies":[{"embeddable":true,"href":"https:\/\/www.inesha.com.co\/w\/wp-json\/wp\/v2\/comments?post=230619"}],"wp:featuredmedia":[{"embeddable":true,"href":"https:\/\/www.inesha.com.co\/w\/wp-json\/wp\/v2\/media\/230855"}],"wp:attachment":[{"href":"https:\/\/www.inesha.com.co\/w\/wp-json\/wp\/v2\/media?parent=230619"}],"wp:term":[{"taxonomy":"product_brand","embeddable":true,"href":"https:\/\/www.inesha.com.co\/w\/wp-json\/wp\/v2\/product_brand?post=230619"},{"taxonomy":"product_cat","embeddable":true,"href":"https:\/\/www.inesha.com.co\/w\/wp-json\/wp\/v2\/product_cat?post=230619"},{"taxonomy":"product_tag","embeddable":true,"href":"https:\/\/www.inesha.com.co\/w\/wp-json\/wp\/v2\/product_tag?post=230619"}],"curies":[{"name":"wp","href":"https:\/\/api.w.org\/{rel}","templated":true}]}}